{"id":759,"date":"2024-03-05T21:38:38","date_gmt":"2024-03-05T19:38:38","guid":{"rendered":"https:\/\/breezeapartment.gr\/location\/"},"modified":"2024-03-29T14:49:32","modified_gmt":"2024-03-29T12:49:32","slug":"location","status":"publish","type":"page","link":"https:\/\/breezeapartment.gr\/fr\/location\/","title":{"rendered":"Localisation"},"content":{"rendered":"\t\t<div data-elementor-type=\"wp-page\" data-elementor-id=\"759\" class=\"elementor elementor-759 elementor-525\" data-elementor-settings=\"{&quot;ha_cmc_init_switcher&quot;:&quot;no&quot;}\" data-elementor-post-type=\"page\">\n\t\t\t\t<div class=\"elementor-element elementor-element-03d6e75 e-con-full e-flex e-con e-parent\" data-id=\"03d6e75\" data-element_type=\"container\" data-settings=\"{&quot;_ob_use_container_extras&quot;:&quot;no&quot;,&quot;_ob_column_hoveranimator&quot;:&quot;no&quot;,&quot;_ha_eqh_enable&quot;:false,&quot;_ob_glider_is_slider&quot;:&quot;no&quot;,&quot;_ob_column_has_pseudo&quot;:&quot;no&quot;}\">\n\t\t\t\t<div class=\"elementor-element elementor-element-b01d969 ob-has-background-overlay elementor-widget elementor-widget-slider_revolution\" data-id=\"b01d969\" data-element_type=\"widget\" data-settings=\"{&quot;_ob_perspektive_use&quot;:&quot;no&quot;,&quot;_ob_poopart_use&quot;:&quot;yes&quot;,&quot;_ob_shadough_use&quot;:&quot;no&quot;,&quot;_ob_allow_hoveranimator&quot;:&quot;no&quot;,&quot;_ob_widget_stalker_use&quot;:&quot;no&quot;}\" data-widget_type=\"slider_revolution.default\">\n\t\t\t\t<div class=\"elementor-widget-container\">\n\t\t\t\t\t\n\t\t<div class=\"wp-block-themepunch-revslider\">\n\t\t\t<!-- START Slider 1 REVOLUTION SLIDER 6.7.15 --><p class=\"rs-p-wp-fix\"><\/p>\n\t\t\t<rs-module-wrap id=\"rev_slider_1_1_wrapper\" data-source=\"gallery\" style=\"visibility:hidden;background:transparent;padding:0;margin:0px auto;margin-top:0;margin-bottom:0;\">\n\t\t\t\t<rs-module id=\"rev_slider_1_1\" style=\"\" data-version=\"6.7.15\">\n\t\t\t\t\t<rs-slides style=\"overflow: hidden; position: absolute;\">\n\t\t\t\t\t\t<rs-slide style=\"position: absolute;\" data-key=\"rs-1\" data-title=\"Slide\" data-thumb=\"\/\/breezeapartment.gr\/wp-content\/uploads\/2025\/04\/20250202_173419-\u041a\u0443\u0445\u043d\u044f-\u041e\u0431\u0435\u0434\u0435\u043d\u043d\u044b\u0439-\u0441\u0442\u043e\u043b-Breeze-apartment-1-50x100.jpg\" data-in=\"o:0;\" data-out=\"a:false;\">\n\t\t\t\t\t\t\t<img fetchpriority=\"high\" decoding=\"async\" src=\"\/\/breezeapartment.gr\/wp-content\/plugins\/revslider\/sr6\/assets\/assets\/dummy.png\" alt=\"\" title=\"20250202_173419-\u041a\u0443\u0445\u043d\u044f-\u041e\u0431\u0435\u0434\u0435\u043d\u043d\u044b\u0439-\u0441\u0442\u043e\u043b-Breeze-apartment\" width=\"1024\" height=\"568\" class=\"rev-slidebg tp-rs-img rs-lazyload\" data-lazyload=\"\/\/breezeapartment.gr\/wp-content\/uploads\/2025\/04\/20250202_173419-\u041a\u0443\u0445\u043d\u044f-\u041e\u0431\u0435\u0434\u0435\u043d\u043d\u044b\u0439-\u0441\u0442\u043e\u043b-Breeze-apartment-1.jpg\" data-panzoom=\"d:10000;ss:100;se:100;\" data-no-retina>\n<!--\n\t\t\t\t\t\t\t--><rs-layer\n\t\t\t\t\t\t\t\tid=\"slider-1-slide-1-layer-0\" \n\t\t\t\t\t\t\t\tdata-type=\"text\"\n\t\t\t\t\t\t\t\tdata-color=\"#fff\"\n\t\t\t\t\t\t\t\tdata-rsp_ch=\"on\"\n\t\t\t\t\t\t\t\tdata-xy=\"xo:47px,38px,28px,17px;yo:812px,670px,509px,314px;\"\n\t\t\t\t\t\t\t\tdata-text=\"w:normal;s:35,28,21,12;l:45,37,28,17;ls:2,1,0,0;fw:300;\"\n\t\t\t\t\t\t\t\tdata-dim=\"minh:0px,none,none,none;\"\n\t\t\t\t\t\t\t\tdata-frame_999=\"o:0;st:w;\"\n\t\t\t\t\t\t\t\tstyle=\"z-index:6;font-family:'Raleway';\"\n\t\t\t\t\t\t\t>Welcome to Noble Apartment \n\t\t\t\t\t\t\t<\/rs-layer><!--\n-->\t\t\t\t\t<\/rs-slide>\n\t\t\t\t\t\t<rs-slide style=\"position: absolute;\" data-key=\"rs-2\" data-title=\"Slide\" data-thumb=\"\/\/breezeapartment.gr\/wp-content\/uploads\/2025\/04\/20250202_172101-\u041a\u0443\u0445\u043d\u044f-\u0417\u0430\u043b-\u041e\u0431\u0435\u0434\u0435\u043d\u043d\u044b\u0439-\u0441\u0442\u043e\u043b-Breeze-apartment-50x100.jpg\" data-in=\"o:0;\" data-out=\"a:false;\">\n\t\t\t\t\t\t\t<img decoding=\"async\" src=\"\/\/breezeapartment.gr\/wp-content\/plugins\/revslider\/sr6\/assets\/assets\/dummy.png\" alt=\"\" title=\"20250202_172101-\u041a\u0443\u0445\u043d\u044f-\u0417\u0430\u043b-\u041e\u0431\u0435\u0434\u0435\u043d\u043d\u044b\u0439-\u0441\u0442\u043e\u043b-Breeze-apartment\" width=\"1280\" height=\"720\" class=\"rev-slidebg tp-rs-img rs-lazyload\" data-lazyload=\"\/\/breezeapartment.gr\/wp-content\/uploads\/2025\/04\/20250202_172101-\u041a\u0443\u0445\u043d\u044f-\u0417\u0430\u043b-\u041e\u0431\u0435\u0434\u0435\u043d\u043d\u044b\u0439-\u0441\u0442\u043e\u043b-Breeze-apartment.jpg\" data-panzoom=\"d:10000;ss:100;se:100;\" data-no-retina>\n<!--\n\t\t\t\t\t\t\t--><rs-layer\n\t\t\t\t\t\t\t\tid=\"slider-1-slide-2-layer-1\" \n\t\t\t\t\t\t\t\tdata-type=\"text\"\n\t\t\t\t\t\t\t\tdata-color=\"#fff\"\n\t\t\t\t\t\t\t\tdata-rsp_ch=\"on\"\n\t\t\t\t\t\t\t\tdata-xy=\"xo:47px,38px,28px,17px;yo:812px,670px,509px,314px;\"\n\t\t\t\t\t\t\t\tdata-text=\"w:normal;s:35,28,21,12;l:45,37,28,17;ls:2,1,0,0;fw:300;\"\n\t\t\t\t\t\t\t\tdata-dim=\"minh:0px,none,none,none;\"\n\t\t\t\t\t\t\t\tdata-frame_999=\"o:0;st:w;\"\n\t\t\t\t\t\t\t\tstyle=\"z-index:8;font-family:'Raleway';\"\n\t\t\t\t\t\t\t>Comfortable living and dining room \n\t\t\t\t\t\t\t<\/rs-layer><!--\n\n\t\t\t\t\t\t\t--><rs-layer\n\t\t\t\t\t\t\t\tid=\"slider-1-slide-2-layer-3\" \n\t\t\t\t\t\t\t\tdata-type=\"text\"\n\t\t\t\t\t\t\t\tdata-color=\"#fff\"\n\t\t\t\t\t\t\t\tdata-rsp_ch=\"on\"\n\t\t\t\t\t\t\t\tdata-xy=\"xo:47px,38px,28px,17px;yo:812px,670px,509px,314px;\"\n\t\t\t\t\t\t\t\tdata-text=\"w:normal;s:35,28,21,12;l:45,37,28,17;ls:2,1,0,0;fw:300;\"\n\t\t\t\t\t\t\t\tdata-dim=\"minh:0px,none,none,none;\"\n\t\t\t\t\t\t\t\tdata-frame_999=\"o:0;st:w;\"\n\t\t\t\t\t\t\t\tstyle=\"z-index:6;font-family:'Raleway';\"\n\t\t\t\t\t\t\t>Comfortable living and dining room \n\t\t\t\t\t\t\t<\/rs-layer><!--\n-->\t\t\t\t\t<\/rs-slide>\n\t\t\t\t\t\t<rs-slide style=\"position: absolute;\" data-key=\"rs-4\" data-title=\"Slide\" data-thumb=\"\/\/breezeapartment.gr\/wp-content\/uploads\/2025\/04\/20250202_172101-\u041a\u0443\u0445\u043d\u044f-\u0417\u0430\u043b-\u041e\u0431\u0435\u0434\u0435\u043d\u043d\u044b\u0439-\u0441\u0442\u043e\u043b-Breeze-apartment-50x100.jpg\" data-in=\"o:0;\" data-out=\"a:false;\">\n\t\t\t\t\t\t\t<img decoding=\"async\" src=\"\/\/breezeapartment.gr\/wp-content\/plugins\/revslider\/sr6\/assets\/assets\/dummy.png\" alt=\"\" title=\"20250202_172101-\u041a\u0443\u0445\u043d\u044f-\u0417\u0430\u043b-\u041e\u0431\u0435\u0434\u0435\u043d\u043d\u044b\u0439-\u0441\u0442\u043e\u043b-Breeze-apartment\" width=\"1280\" height=\"720\" class=\"rev-slidebg tp-rs-img rs-lazyload\" data-lazyload=\"\/\/breezeapartment.gr\/wp-content\/uploads\/2025\/04\/20250202_172101-\u041a\u0443\u0445\u043d\u044f-\u0417\u0430\u043b-\u041e\u0431\u0435\u0434\u0435\u043d\u043d\u044b\u0439-\u0441\u0442\u043e\u043b-Breeze-apartment.jpg\" data-panzoom=\"d:10000;ss:100;se:100;\" data-no-retina>\n<!--\n\t\t\t\t\t\t\t--><rs-layer\n\t\t\t\t\t\t\t\tid=\"slider-1-slide-4-layer-1\" \n\t\t\t\t\t\t\t\tdata-type=\"text\"\n\t\t\t\t\t\t\t\tdata-color=\"#fff\"\n\t\t\t\t\t\t\t\tdata-rsp_ch=\"on\"\n\t\t\t\t\t\t\t\tdata-xy=\"xo:47px,38px,28px,17px;yo:812px,670px,509px,314px;\"\n\t\t\t\t\t\t\t\tdata-text=\"w:normal;s:35,28,21,12;l:45,37,28,17;ls:2,1,0,0;fw:300;\"\n\t\t\t\t\t\t\t\tdata-dim=\"minh:0px,none,none,none;\"\n\t\t\t\t\t\t\t\tdata-frame_999=\"o:0;st:w;sR:3700;\"\n\t\t\t\t\t\t\t\tstyle=\"z-index:7;font-family:'Raleway';\"\n\t\t\t\t\t\t\t>Luxurious and comfortable  \n\t\t\t\t\t\t\t<\/rs-layer><!--\n-->\t\t\t\t\t<\/rs-slide>\n\t\t\t\t\t<\/rs-slides>\n\t\t\t\t<\/rs-module>\n\t\t\t\t<script>\n\t\t\t\t\tsetREVStartSize({c: 'rev_slider_1_1',rl:[1240,1024,778,480],el:[899.988,768,960,720],gw:[1240,1024,778,480],gh:[900,568,460,320],type:'standard',justify:'',layout:'fullwidth',mh:\"0\"});if (window.RS_MODULES!==undefined && window.RS_MODULES.modules!==undefined && window.RS_MODULES.modules[\"revslider11\"]!==undefined) {window.RS_MODULES.modules[\"revslider11\"].once = false;window.revapi1 = undefined;if (window.RS_MODULES.checkMinimal!==undefined) window.RS_MODULES.checkMinimal()}\n\t\t\t\t<\/script>\n\t\t\t<\/rs-module-wrap>\n\t\t\t<!-- END REVOLUTION SLIDER -->\n<\/div>\n\n\t\t\t\t\t\t<\/div>\n\t\t\t\t<\/div>\n\t\t\t\t<\/div>\n\t\t<div class=\"elementor-element elementor-element-2593292 e-flex e-con-boxed e-con e-parent\" data-id=\"2593292\" data-element_type=\"container\" data-settings=\"{&quot;_ob_use_container_extras&quot;:&quot;no&quot;,&quot;_ob_column_hoveranimator&quot;:&quot;no&quot;,&quot;_ha_eqh_enable&quot;:false,&quot;_ob_glider_is_slider&quot;:&quot;no&quot;,&quot;_ob_column_has_pseudo&quot;:&quot;no&quot;}\">\n\t\t\t\t\t<div class=\"e-con-inner\">\n\t\t\t\t<div class=\"elementor-element elementor-element-8759dbe ob-harakiri-inherit ob-has-background-overlay elementor-widget elementor-widget-text-editor\" data-id=\"8759dbe\" data-element_type=\"widget\" data-settings=\"{&quot;_ob_use_harakiri&quot;:&quot;yes&quot;,&quot;_ob_harakiri_writing_mode&quot;:&quot;inherit&quot;,&quot;_ob_postman_use&quot;:&quot;no&quot;,&quot;_ob_perspektive_use&quot;:&quot;no&quot;,&quot;_ob_poopart_use&quot;:&quot;yes&quot;,&quot;_ob_shadough_use&quot;:&quot;no&quot;,&quot;_ob_allow_hoveranimator&quot;:&quot;no&quot;,&quot;_ob_widget_stalker_use&quot;:&quot;no&quot;}\" data-widget_type=\"text-editor.default\">\n\t\t\t\t<div class=\"elementor-widget-container\">\n\t\t\t\t\t\t\t\t\t<p><strong>Pr\u00e8s de chez vous : <\/strong>Gyms, Pharmacies, Cliniques m\u00e9dicales, Salons de coiffure pour hommes et femmes, Supermarch\u00e9s, Restaurants, Caf\u00e9s, Salles d&rsquo;exposition.<br \/><strong>Distance<\/strong> Ioannis Daskalogiannis Airport Chania 15km, Chania Bus Station 1km, Port of Souda Chania 8km ;<\/p>\n<div id=\"gtx-trans\" style=\"position: absolute; left: -86px; top: -8.8px;\">\n<div class=\"gtx-trans-icon\"> <\/div>\n<\/div>\n\t\t\t\t\t\t\t\t<\/div>\n\t\t\t\t<\/div>\n\t\t\t\t\t<\/div>\n\t\t\t\t<\/div>\n\t\t<div class=\"elementor-element elementor-element-dd26876 e-con-full e-flex e-con e-parent\" data-id=\"dd26876\" data-element_type=\"container\" data-settings=\"{&quot;_ob_use_container_extras&quot;:&quot;no&quot;,&quot;_ob_column_hoveranimator&quot;:&quot;no&quot;,&quot;_ha_eqh_enable&quot;:false,&quot;_ob_glider_is_slider&quot;:&quot;no&quot;,&quot;_ob_column_has_pseudo&quot;:&quot;no&quot;}\">\n\t\t\t\t<div class=\"elementor-element elementor-element-8df5a0c ob-has-background-overlay elementor-widget elementor-widget-ha-google-map happy-addon ha-google-map happy-addon-pro\" data-id=\"8df5a0c\" data-element_type=\"widget\" data-settings=\"{&quot;_ob_perspektive_use&quot;:&quot;no&quot;,&quot;_ob_poopart_use&quot;:&quot;yes&quot;,&quot;_ob_shadough_use&quot;:&quot;no&quot;,&quot;_ob_allow_hoveranimator&quot;:&quot;no&quot;,&quot;_ob_widget_stalker_use&quot;:&quot;no&quot;}\" data-widget_type=\"ha-google-map.default\">\n\t\t\t\t<div class=\"elementor-widget-container\">\n\t\t\t\t\t\t\t<div class=\"ha-adv-google-map\">\n\t\t\t<div class=\"ha-adv-google-map__wrapper\n\t\t\t ha-adv-google-map-disable-logo\t\t\tha-adv-google-map-disable-copyright\t\t\tha-adv-google-map-disable-terms-of-use\t\t\tha-adv-google-map-disable-report-error\t\t\tha-adv-google-map-disable-keyboard-shortcuts\t\t\t\"\n\t\t\tdata-latitude=\"35.51502\"\n\t\t\tdata-longitude=\"24.01163\"\n\t\t\tdata-map-type=\"roadmap\"\n\t\t\tdata-map-zoom=\"13\"\n\t\t\tdata-map-zoom-tablet=\"10\"\n\t\t\tdata-map-zoom-mobile=\"12\"\n\t\t\tdata-scroll-wheel-zoom=\"yes\"\n\t\t\tdata-info-open=\"yes\"\n\t\t\tdata-info-open-hover=\"yes\"\n\t\t\tdata-zoom-control=\"yes\"\n\t\t\tdata-full-screen=\"yes\"\n\t\t\tdata-disable-map-drag=\"false\"\n\t\t\tdata-show-legend=\"yes\"\n\t\t\tdata-map-type-control=\"yes\"\n\t\t\tdata-street-view=\"yes\"\n\t\t\tdata-hide-logo=\"yes\"\n\t\t\tdata-hide-copyright=\"yes\"\n\t\t\tdata-hide-tou=\"yes\"\n\t\t\tdata-hide-report=\"yes\"\n\t\t\tdata-hide-keyboard=\"yes\"\n\t\t\tdata-markers=\"[{&quot;pin_item_title&quot;:&quot;NOBEL apartment&quot;,&quot;_id&quot;:&quot;25b093a&quot;,&quot;pin_latitude&quot;:&quot;35.51502&quot;,&quot;pin_longitude&quot;:&quot;24.01163&quot;,&quot;pin_icon&quot;:{&quot;url&quot;:&quot;https:\\\/\\\/breezeapartment.gr\\\/wp-content\\\/uploads\\\/2024\\\/03\\\/Noble-fav.png&quot;,&quot;id&quot;:1447,&quot;size&quot;:&quot;&quot;,&quot;alt&quot;:&quot;&quot;,&quot;source&quot;:&quot;library&quot;},&quot;square_pin_size&quot;:null,&quot;rectangular_image&quot;:&quot;yes&quot;,&quot;rectangular_pin_size_height&quot;:{&quot;unit&quot;:&quot;px&quot;,&quot;size&quot;:65,&quot;sizes&quot;:[]},&quot;rectangular_pin_size_width&quot;:{&quot;unit&quot;:&quot;px&quot;,&quot;size&quot;:50,&quot;sizes&quot;:[]},&quot;pin_item_description&quot;:&quot;&quot;}]\"\n\t\t\tdata-google-map-type=\"basic\"\n\t\t\tdata-polylines=\"[]\"\n\t\t\tdata-map-style=\"standard\"\n\t\t\tdata-custom-map-style=\"\"\n\t\t\tdata-stroke-color=\"\"\n\t\t\tdata-stroke-opacity=\"\"\n\t\t\tdata-stroke-weight=\"\"\n\t\t\tdata-stroke-fill=\"\"\n\t\t\tdata-stroke-fill-opacity=\"\"\n\t\t\tdata-origin-lat=\"\"\n\t\t\tdata-origin-lng=\"\"\n\t\t\tdata-dest-lat=\"\"\n\t\t\tdata-dest-lng=\"\"\n\t\t\tdata-travel-mode=\"\"\n\t\t\t><\/div>\n\n\t\t\t\t\t\t\t<div class=\"ha-adv-google-map__legend\">\n\t\t\t\t\t<div class=\"ha-adv-google-map__legend-title-wrapper\">\n\t\t\t\t\t\t<div class=\"ha-adv-google-map__legend--title\">Legend<\/div>\n\t\t\t\t\t<\/div>\n\t\t\t\t\t<div class=\"ha-adv-google-map__legend--items\">\n\t\t\t\t\t\t\t\t\t\t\t\t<div class=\"ha-adv-google-map__legend--item\">\n\t\t\t\t\t\t\t\t<div class=\"ha-adv-google-map__legend--item-image\" style=\"background-size: cover !important; background: url('https:\/\/breezeapartment.gr\/wp-content\/uploads\/2024\/02\/3Y7A9452.jpg') center center;\"><\/div>\n\t\t\t\t\t\t\t\t<div class=\"ha-adv-google-map__legend--item-title\">NOBEL apartment<\/div>\n\t\t\t\t\t\t\t<\/div>\n\t\t\t\t\t\t\t\t\t\t\t<\/div>\n\t\t\t\t<\/div>\n\t\t\t\n\t\t<\/div>\n\t\t\t\t\t\t<\/div>\n\t\t\t\t<\/div>\n\t\t\t\t<\/div>\n\t\t\t\t<\/div>\n\t\t","protected":false},"excerpt":{"rendered":"<p>Pr\u00e8s de chez vous : Gyms, Pharmacies, Cliniques m\u00e9dicales, Salons de coiffure pour hommes et femmes, Supermarch\u00e9s, Restaurants, Caf\u00e9s, Salles d&rsquo;exposition.Distance Ioannis Daskalogiannis Airport Chania 15km, Chania Bus Station 1km, Port of Souda Chania 8km ; Legend NOBEL apartment<\/p>\n","protected":false},"author":1,"featured_media":0,"parent":0,"menu_order":0,"comment_status":"closed","ping_status":"closed","template":"elementor_header_footer","meta":{"_monsterinsights_skip_tracking":false,"_monsterinsights_sitenote_active":false,"_monsterinsights_sitenote_note":"","_monsterinsights_sitenote_category":0,"_uf_show_specific_survey":0,"_uf_disable_surveys":false,"footnotes":""},"class_list":["post-759","page","type-page","status-publish","hentry"],"_links":{"self":[{"href":"https:\/\/breezeapartment.gr\/fr\/wp-json\/wp\/v2\/pages\/759","targetHints":{"allow":["GET"]}}],"collection":[{"href":"https:\/\/breezeapartment.gr\/fr\/wp-json\/wp\/v2\/pages"}],"about":[{"href":"https:\/\/breezeapartment.gr\/fr\/wp-json\/wp\/v2\/types\/page"}],"author":[{"embeddable":true,"href":"https:\/\/breezeapartment.gr\/fr\/wp-json\/wp\/v2\/users\/1"}],"replies":[{"embeddable":true,"href":"https:\/\/breezeapartment.gr\/fr\/wp-json\/wp\/v2\/comments?post=759"}],"version-history":[{"count":23,"href":"https:\/\/breezeapartment.gr\/fr\/wp-json\/wp\/v2\/pages\/759\/revisions"}],"predecessor-version":[{"id":2308,"href":"https:\/\/breezeapartment.gr\/fr\/wp-json\/wp\/v2\/pages\/759\/revisions\/2308"}],"wp:attachment":[{"href":"https:\/\/breezeapartment.gr\/fr\/wp-json\/wp\/v2\/media?parent=759"}],"curies":[{"name":"wp","href":"https:\/\/api.w.org\/{rel}","templated":true}]}}